{"id":568,"date":"2023-02-27T14:32:27","date_gmt":"2023-02-27T13:32:27","guid":{"rendered":"https:\/\/www.residence-martinelli.com\/appartamenti\/stelvio-8\/"},"modified":"2024-11-14T10:17:53","modified_gmt":"2024-11-14T09:17:53","slug":"stelvio-8","status":"publish","type":"page","link":"https:\/\/www.residence-martinelli.com\/it\/appartamenti\/stelvio-8\/","title":{"rendered":"Stelvio"},"content":{"rendered":"<p>Il Passo dello Stelvio \u00e8 probabilmente il valico montano pi\u00f9 famoso delle Alpi dell&#8217;Ortles. Non c\u2019\u00e8 da stupirsi, con i suoi 2.757 metri di altitudine. Quello dello Stelvio \u00e8 il pi\u00f9 alto d\u2019Italia raggiungibile su strada asfaltata e collega Bormio con Prato in Val Venosta. Non perdere l\u2019occasione di scalare questi famosi tornanti: il punto di partenza per questa gita effettuabile in giornata \u00e8 ovviamente il Residence Martinelli.<\/p>\n","protected":false},"excerpt":{"rendered":"<p>Il Passo dello Stelvio \u00e8 probabilmente il valico montano pi\u00f9 famoso delle Alpi dell&#8217;Ortles. Non c\u2019\u00e8 da stupirsi, con i suoi 2.757 metri di altitudine. Quello dello Stelvio \u00e8 il pi\u00f9 alto d\u2019Italia raggiungibile su strada asfaltata e collega Bormio con Prato in Val Venosta. Non perdere l\u2019occasione di scalare questi famosi tornanti: il punto [&hellip;]<\/p>\n","protected":false},"author":1,"featured_media":231,"parent":543,"menu_order":0,"comment_status":"closed","ping_status":"closed","template":"template-ferienwohnung.php","meta":{"_acf_changed":false,"footnotes":""},"class_list":["post-568","page","type-page","status-publish","has-post-thumbnail","hentry"],"acf":[],"yoast_head":"<!-- This site is optimized with the Yoast SEO plugin v25.5 - https:\/\/yoast.com\/wordpress\/plugins\/seo\/ -->\n<title>Residence Martinelli - Avventure ed escursioni in Alto Adige<\/title>\n<meta name=\"description\" content=\"Non perdete l&#039;occasione di scalare personalmente il Passo dello Stelvio: il punto di partenza per questa escursione \u00e8 il Residence Martinelli\" \/>\n<meta name=\"robots\" content=\"index, follow, max-snippet:-1, max-image-preview:large, max-video-preview:-1\" \/>\n<link rel=\"canonical\" href=\"https:\/\/www.residence-martinelli.com\/it\/appartamenti\/stelvio-8\/\" \/>\n<meta property=\"og:locale\" content=\"it_IT\" \/>\n<meta property=\"og:type\" content=\"article\" \/>\n<meta property=\"og:title\" content=\"Residence Martinelli - Avventure ed escursioni in Alto Adige\" \/>\n<meta property=\"og:description\" content=\"Non perdete l&#039;occasione di scalare personalmente il Passo dello Stelvio: il punto di partenza per questa escursione \u00e8 il Residence Martinelli\" \/>\n<meta property=\"og:url\" content=\"https:\/\/www.residence-martinelli.com\/it\/appartamenti\/stelvio-8\/\" \/>\n<meta property=\"og:site_name\" content=\"www.residence-martinelli.com\" \/>\n<meta property=\"article:modified_time\" content=\"2024-11-14T09:17:53+00:00\" \/>\n<meta property=\"og:image\" content=\"https:\/\/www.residence-martinelli.com\/wp-content\/uploads\/1-shutterstock_1434658718_STELVIO_8.jpg\" \/>\n\t<meta property=\"og:image:width\" content=\"2000\" \/>\n\t<meta property=\"og:image:height\" content=\"1334\" \/>\n\t<meta property=\"og:image:type\" content=\"image\/jpeg\" \/>\n<script type=\"application\/ld+json\" class=\"yoast-schema-graph\">{\"@context\":\"https:\/\/schema.org\",\"@graph\":[{\"@type\":\"WebPage\",\"@id\":\"https:\/\/www.residence-martinelli.com\/it\/appartamenti\/stelvio-8\/\",\"url\":\"https:\/\/www.residence-martinelli.com\/it\/appartamenti\/stelvio-8\/\",\"name\":\"Residence Martinelli - Avventure ed escursioni in Alto Adige\",\"isPartOf\":{\"@id\":\"https:\/\/www.residence-martinelli.com\/it\/#website\"},\"primaryImageOfPage\":{\"@id\":\"https:\/\/www.residence-martinelli.com\/it\/appartamenti\/stelvio-8\/#primaryimage\"},\"image\":{\"@id\":\"https:\/\/www.residence-martinelli.com\/it\/appartamenti\/stelvio-8\/#primaryimage\"},\"thumbnailUrl\":\"https:\/\/i0.wp.com\/www.residence-martinelli.com\/wp-content\/uploads\/1-shutterstock_1434658718_STELVIO_8.jpg?fit=2000%2C1334&ssl=1\",\"datePublished\":\"2023-02-27T13:32:27+00:00\",\"dateModified\":\"2024-11-14T09:17:53+00:00\",\"description\":\"Non perdete l'occasione di scalare personalmente il Passo dello Stelvio: il punto di partenza per questa escursione \u00e8 il Residence Martinelli\",\"breadcrumb\":{\"@id\":\"https:\/\/www.residence-martinelli.com\/it\/appartamenti\/stelvio-8\/#breadcrumb\"},\"inLanguage\":\"it-IT\",\"potentialAction\":[{\"@type\":\"ReadAction\",\"target\":[\"https:\/\/www.residence-martinelli.com\/it\/appartamenti\/stelvio-8\/\"]}]},{\"@type\":\"ImageObject\",\"inLanguage\":\"it-IT\",\"@id\":\"https:\/\/www.residence-martinelli.com\/it\/appartamenti\/stelvio-8\/#primaryimage\",\"url\":\"https:\/\/i0.wp.com\/www.residence-martinelli.com\/wp-content\/uploads\/1-shutterstock_1434658718_STELVIO_8.jpg?fit=2000%2C1334&ssl=1\",\"contentUrl\":\"https:\/\/i0.wp.com\/www.residence-martinelli.com\/wp-content\/uploads\/1-shutterstock_1434658718_STELVIO_8.jpg?fit=2000%2C1334&ssl=1\",\"width\":2000,\"height\":1334},{\"@type\":\"BreadcrumbList\",\"@id\":\"https:\/\/www.residence-martinelli.com\/it\/appartamenti\/stelvio-8\/#breadcrumb\",\"itemListElement\":[{\"@type\":\"ListItem\",\"position\":1,\"name\":\"Startseite\",\"item\":\"https:\/\/www.residence-martinelli.com\/it\/\"},{\"@type\":\"ListItem\",\"position\":2,\"name\":\"Appartamenti\",\"item\":\"https:\/\/www.residence-martinelli.com\/it\/appartamenti\/\"},{\"@type\":\"ListItem\",\"position\":3,\"name\":\"Stelvio\"}]},{\"@type\":\"WebSite\",\"@id\":\"https:\/\/www.residence-martinelli.com\/it\/#website\",\"url\":\"https:\/\/www.residence-martinelli.com\/it\/\",\"name\":\"Residence Martinelli\",\"description\":\"\",\"publisher\":{\"@id\":\"https:\/\/www.residence-martinelli.com\/it\/#organization\"},\"potentialAction\":[{\"@type\":\"SearchAction\",\"target\":{\"@type\":\"EntryPoint\",\"urlTemplate\":\"https:\/\/www.residence-martinelli.com\/it\/?s={search_term_string}\"},\"query-input\":{\"@type\":\"PropertyValueSpecification\",\"valueRequired\":true,\"valueName\":\"search_term_string\"}}],\"inLanguage\":\"it-IT\"},{\"@type\":\"Organization\",\"@id\":\"https:\/\/www.residence-martinelli.com\/it\/#organization\",\"name\":\"Residence Martinelli\",\"url\":\"https:\/\/www.residence-martinelli.com\/it\/\",\"logo\":{\"@type\":\"ImageObject\",\"inLanguage\":\"it-IT\",\"@id\":\"https:\/\/www.residence-martinelli.com\/it\/#\/schema\/logo\/image\/\",\"url\":\"https:\/\/www.residence-martinelli.com\/wp-content\/uploads\/logo_klein.png\",\"contentUrl\":\"https:\/\/www.residence-martinelli.com\/wp-content\/uploads\/logo_klein.png\",\"width\":512,\"height\":512,\"caption\":\"Residence Martinelli\"},\"image\":{\"@id\":\"https:\/\/www.residence-martinelli.com\/it\/#\/schema\/logo\/image\/\"}}]}<\/script>\n<!-- \/ Yoast SEO plugin. -->","yoast_head_json":{"title":"Residence Martinelli - Avventure ed escursioni in Alto Adige","description":"Non perdete l'occasione di scalare personalmente il Passo dello Stelvio: il punto di partenza per questa escursione \u00e8 il Residence Martinelli","robots":{"index":"index","follow":"follow","max-snippet":"max-snippet:-1","max-image-preview":"max-image-preview:large","max-video-preview":"max-video-preview:-1"},"canonical":"https:\/\/www.residence-martinelli.com\/it\/appartamenti\/stelvio-8\/","og_locale":"it_IT","og_type":"article","og_title":"Residence Martinelli - Avventure ed escursioni in Alto Adige","og_description":"Non perdete l'occasione di scalare personalmente il Passo dello Stelvio: il punto di partenza per questa escursione \u00e8 il Residence Martinelli","og_url":"https:\/\/www.residence-martinelli.com\/it\/appartamenti\/stelvio-8\/","og_site_name":"www.residence-martinelli.com","article_modified_time":"2024-11-14T09:17:53+00:00","og_image":[{"width":2000,"height":1334,"url":"https:\/\/www.residence-martinelli.com\/wp-content\/uploads\/1-shutterstock_1434658718_STELVIO_8.jpg","type":"image\/jpeg"}],"schema":{"@context":"https:\/\/schema.org","@graph":[{"@type":"WebPage","@id":"https:\/\/www.residence-martinelli.com\/it\/appartamenti\/stelvio-8\/","url":"https:\/\/www.residence-martinelli.com\/it\/appartamenti\/stelvio-8\/","name":"Residence Martinelli - Avventure ed escursioni in Alto Adige","isPartOf":{"@id":"https:\/\/www.residence-martinelli.com\/it\/#website"},"primaryImageOfPage":{"@id":"https:\/\/www.residence-martinelli.com\/it\/appartamenti\/stelvio-8\/#primaryimage"},"image":{"@id":"https:\/\/www.residence-martinelli.com\/it\/appartamenti\/stelvio-8\/#primaryimage"},"thumbnailUrl":"https:\/\/i0.wp.com\/www.residence-martinelli.com\/wp-content\/uploads\/1-shutterstock_1434658718_STELVIO_8.jpg?fit=2000%2C1334&ssl=1","datePublished":"2023-02-27T13:32:27+00:00","dateModified":"2024-11-14T09:17:53+00:00","description":"Non perdete l'occasione di scalare personalmente il Passo dello Stelvio: il punto di partenza per questa escursione \u00e8 il Residence Martinelli","breadcrumb":{"@id":"https:\/\/www.residence-martinelli.com\/it\/appartamenti\/stelvio-8\/#breadcrumb"},"inLanguage":"it-IT","potentialAction":[{"@type":"ReadAction","target":["https:\/\/www.residence-martinelli.com\/it\/appartamenti\/stelvio-8\/"]}]},{"@type":"ImageObject","inLanguage":"it-IT","@id":"https:\/\/www.residence-martinelli.com\/it\/appartamenti\/stelvio-8\/#primaryimage","url":"https:\/\/i0.wp.com\/www.residence-martinelli.com\/wp-content\/uploads\/1-shutterstock_1434658718_STELVIO_8.jpg?fit=2000%2C1334&ssl=1","contentUrl":"https:\/\/i0.wp.com\/www.residence-martinelli.com\/wp-content\/uploads\/1-shutterstock_1434658718_STELVIO_8.jpg?fit=2000%2C1334&ssl=1","width":2000,"height":1334},{"@type":"BreadcrumbList","@id":"https:\/\/www.residence-martinelli.com\/it\/appartamenti\/stelvio-8\/#breadcrumb","itemListElement":[{"@type":"ListItem","position":1,"name":"Startseite","item":"https:\/\/www.residence-martinelli.com\/it\/"},{"@type":"ListItem","position":2,"name":"Appartamenti","item":"https:\/\/www.residence-martinelli.com\/it\/appartamenti\/"},{"@type":"ListItem","position":3,"name":"Stelvio"}]},{"@type":"WebSite","@id":"https:\/\/www.residence-martinelli.com\/it\/#website","url":"https:\/\/www.residence-martinelli.com\/it\/","name":"Residence Martinelli","description":"","publisher":{"@id":"https:\/\/www.residence-martinelli.com\/it\/#organization"},"potentialAction":[{"@type":"SearchAction","target":{"@type":"EntryPoint","urlTemplate":"https:\/\/www.residence-martinelli.com\/it\/?s={search_term_string}"},"query-input":{"@type":"PropertyValueSpecification","valueRequired":true,"valueName":"search_term_string"}}],"inLanguage":"it-IT"},{"@type":"Organization","@id":"https:\/\/www.residence-martinelli.com\/it\/#organization","name":"Residence Martinelli","url":"https:\/\/www.residence-martinelli.com\/it\/","logo":{"@type":"ImageObject","inLanguage":"it-IT","@id":"https:\/\/www.residence-martinelli.com\/it\/#\/schema\/logo\/image\/","url":"https:\/\/www.residence-martinelli.com\/wp-content\/uploads\/logo_klein.png","contentUrl":"https:\/\/www.residence-martinelli.com\/wp-content\/uploads\/logo_klein.png","width":512,"height":512,"caption":"Residence Martinelli"},"image":{"@id":"https:\/\/www.residence-martinelli.com\/it\/#\/schema\/logo\/image\/"}}]}},"_links":{"self":[{"href":"https:\/\/www.residence-martinelli.com\/it\/wp-json\/wp\/v2\/pages\/568","targetHints":{"allow":["GET"]}}],"collection":[{"href":"https:\/\/www.residence-martinelli.com\/it\/wp-json\/wp\/v2\/pages"}],"about":[{"href":"https:\/\/www.residence-martinelli.com\/it\/wp-json\/wp\/v2\/types\/page"}],"author":[{"embeddable":true,"href":"https:\/\/www.residence-martinelli.com\/it\/wp-json\/wp\/v2\/users\/1"}],"replies":[{"embeddable":true,"href":"https:\/\/www.residence-martinelli.com\/it\/wp-json\/wp\/v2\/comments?post=568"}],"version-history":[{"count":7,"href":"https:\/\/www.residence-martinelli.com\/it\/wp-json\/wp\/v2\/pages\/568\/revisions"}],"predecessor-version":[{"id":1283,"href":"https:\/\/www.residence-martinelli.com\/it\/wp-json\/wp\/v2\/pages\/568\/revisions\/1283"}],"up":[{"embeddable":true,"href":"https:\/\/www.residence-martinelli.com\/it\/wp-json\/wp\/v2\/pages\/543"}],"wp:featuredmedia":[{"embeddable":true,"href":"https:\/\/www.residence-martinelli.com\/it\/wp-json\/wp\/v2\/media\/231"}],"wp:attachment":[{"href":"https:\/\/www.residence-martinelli.com\/it\/wp-json\/wp\/v2\/media?parent=568"}],"curies":[{"name":"wp","href":"https:\/\/api.w.org\/{rel}","templated":true}]}}